{"id":455,"date":"2023-09-26T14:44:50","date_gmt":"2023-09-26T07:44:50","guid":{"rendered":"https:\/\/jinnhung.com.vn\/lien-he-chung-toi\/"},"modified":"2023-11-21T09:17:05","modified_gmt":"2023-11-21T02:17:05","slug":"lien-he-chung-toi","status":"publish","type":"page","link":"https:\/\/jinnhung.com.vn\/zh-hant\/lien-he-chung-toi\/","title":{"rendered":"\u806f\u7d61\u6211\u5011"},"content":{"rendered":"\t\t<div data-elementor-type=\"wp-page\" data-elementor-id=\"455\" class=\"elementor elementor-455 elementor-16\" data-elementor-post-type=\"page\">\n\t\t\t\t<div class=\"elementor-element elementor-element-1087738 e-flex e-con-boxed e-con e-parent\" data-id=\"1087738\" data-element_type=\"container\" data-e-type=\"container\" data-settings=\"{&quot;background_background&quot;:&quot;classic&quot;}\">\n\t\t\t\t\t<div class=\"e-con-inner\">\n\t\t\t\t\t<\/div>\n\t\t\t\t<\/div>\n\t\t<div class=\"elementor-element elementor-element-3cc65e2 e-flex e-con-boxed e-con e-parent\" data-id=\"3cc65e2\" data-element_type=\"container\" data-e-type=\"container\">\n\t\t\t\t\t<div class=\"e-con-inner\">\n\t\t\t\t<div class=\"elementor-element elementor-element-5ed0358 elementor-widget elementor-widget-shortcode\" data-id=\"5ed0358\" data-element_type=\"widget\" data-e-type=\"widget\" data-widget_type=\"shortcode.default\">\n\t\t\t\t<div class=\"elementor-widget-container\">\n\t\t\t\t\t<div id=\"crumbs\"><a href=\"https:\/\/jinnhung.com.vn\/zh-hant\/\">Home<\/a> \/ <span class=\"current\">\u9801\u9762<\/span><\/div>\t\t<div class=\"elementor-shortcode\"><\/div>\n\t\t\t\t\t\t<\/div>\n\t\t\t\t<\/div>\n\t\t\t\t\t<\/div>\n\t\t\t\t<\/div>\n\t\t<div class=\"elementor-element elementor-element-43c1dc4 e-flex e-con-boxed e-con e-parent\" data-id=\"43c1dc4\" data-element_type=\"container\" data-e-type=\"container\">\n\t\t\t\t\t<div class=\"e-con-inner\">\n\t\t\t\t<div class=\"elementor-element elementor-element-22c54ae elementor-widget elementor-widget-heading\" data-id=\"22c54ae\" data-element_type=\"widget\" data-e-type=\"widget\" data-widget_type=\"heading.default\">\n\t\t\t\t<div class=\"elementor-widget-container\">\n\t\t\t\t\t<h2 class=\"elementor-heading-title elementor-size-default\">\u806f\u7d61\u6211\u5011<\/h2>\t\t\t\t<\/div>\n\t\t\t\t<\/div>\n\t\t\t\t<div class=\"elementor-element elementor-element-bcdf2e8 elementor-widget-divider--view-line elementor-widget elementor-widget-divider\" data-id=\"bcdf2e8\" data-element_type=\"widget\" data-e-type=\"widget\" data-widget_type=\"divider.default\">\n\t\t\t\t<div class=\"elementor-widget-container\">\n\t\t\t\t\t\t\t<div class=\"elementor-divider\">\n\t\t\t<span class=\"elementor-divider-separator\">\n\t\t\t\t\t\t<\/span>\n\t\t<\/div>\n\t\t\t\t\t\t<\/div>\n\t\t\t\t<\/div>\n\t\t\t\t<div class=\"elementor-element elementor-element-2fa74cb elementor-widget elementor-widget-shortcode\" data-id=\"2fa74cb\" data-element_type=\"widget\" data-e-type=\"widget\" data-widget_type=\"shortcode.default\">\n\t\t\t\t<div class=\"elementor-widget-container\">\n\t\t\t\t\t<style>\n.d-flex {\n    display: flex!important;\n\t    flex-wrap: wrap!important;\n}\n.companyBox:first-child {\n    border: none;\n}\n.companyBox {\n    text-align: left;\n    font-weight: 300;\n    font-size: .9rem;\n}\n.contactGrid .companyBox ul {\n    margin-bottom: 0;\n\t    margin-left: 0px;\n}\n.companyBox ul {\n    margin-bottom: 1.5rem;\n    padding-left: 0;\n    list-style: none;\n}\n.contactGrid .companyBox li {\n    display: block;\n    margin: 6px 0;\n}\n.contactGrid .companyBox h3 {\n    color: #b33817;\n    font-size: 1.2rem;\n    font-weight: 700;\n    position: relative;\n\t    display: flex;\n    align-items: center;\n}\n.contactGrid .companyBox h3>svg {\n    border: 2px solid #c5c5c5;\n    color: #b1b0b0;\n    margin-right: 10px;\n    padding: 4px;\n    width: 40px;\n    height: 40px;\n    border-radius: 10px;\n    background: #fff;\n}\n.contactGrid .companyBox h3:after {\n    content: '';\n    display: block;\n    width: 0;\n    height: 2px;\n    background: #c59a52;\n    position: absolute;\n    left: 5px;\n    bottom: 5px;\n    z-index: -1;\n}\n.contactGrid .companyBox li {\n    display: block;\n    margin: 6px 0;\n\t    color: #111;\n    font-weight: 400;\n}\n.contactGrid .companyBox:hover h3:after {\n    width: calc(100% - 5px);\n    transition: all .3s linear;\n}\n.contactGrid .companyBox:hover {\n    box-shadow: 0 0 10px #ccc;\n}\n.contactGrid .companyBox {\n    width: 100%;\n}\n.contactForm {\n    border: 10px double #fff;\n    padding: 2rem;\n    margin: 2rem auto;\n    width: 80%;\n    background: #e8e8e8;\n}\n.red {\n    color: #ac3c1b;\n}\n\t.contactForm p {\n    font-size: 1.1rem;\n}\n.row {\n    --bs-gutter-x: 1.5rem;\n    --bs-gutter-y: 0;\n    display: flex;\n    flex: 1 0 100%;\n    flex-wrap: wrap;\n    margin-top: calc(var(--bs-gutter-y) * -1);\n    margin-right: calc(var(--bs-gutter-x)\/ -2);\n    margin-left: calc(var(--bs-gutter-x)\/ -2);\n}\n.row>* {\n    flex-shrink: 0;\n    width: 100%;\n    max-width: 100%;\n    padding-right: calc(var(--bs-gutter-x)\/ 2);\n    padding-left: calc(var(--bs-gutter-x)\/ 2);\n    margin-top: var(--bs-gutter-y);\n}\n.contactForm .page_form {\n    margin-bottom: 20px;\n}\n.page_form {\n    clear: both;\n    padding-top: 1rem;\n    overflow: hidden;\n}\n.contactForm input[type=\"text\"] {\n    height: 40px;\n}\n.contactForm input[type=\"text\"], .contactForm textarea {\n    width: 100%;\n    outline: 0;\n    border: none;\n    padding: 10px;\n    border-radius: 10px;\n    border: 1px solid #d3d3d3;\n}\n@media (min-width: 768px)\n{\n.contactGrid .companyBox {\n    width: calc(100% \/ 2 - 2rem);\n    margin: 0 1rem;\n    border: 1px solid #e6e6e6!important;\n    padding: 1rem;\n    margin: 1rem;\n    font-size: 1rem;\n}\n\t.contactGrid .companyBox  {\n    width: 100%\n\t}\n.col-md-6 {\n    flex: 0 0 auto;\n    width: 50%;\n}\n.col-md-12 {\n    flex: 0 0 auto;\n    width: 100%;\n}\n\n\t}\n.btnWrap {\n    margin: 2rem 0 0;\n    text-align: center;\n}\n.contactForm .btn_style {\n    background: #fff;\n    border: 1px solid #c59a52;\n\t    display: inline-block;\n\theight: 40px;\n}\n.btnWrap a>span {\n    padding: 8px 16px;\n    letter-spacing: 2px;\n\t    position: relative;\n    top: -10px;\n    color: #111;\n}\n.btnWrap a>svg {\n    background: #c59a52;\n    color: #fff;\n    width: 33px;\n    height: 40px;\n    padding: 5px;\n}\n\t@media(max-width: 768px){\n\t\t.contactGrid .companyBox {\n    width: 100%;\n    margin: 10px 0;\n}\n\t\t.contactGrid .companyBox {\n    border: 1px solid #e6e6e6!important;\n    padding: 1rem;\n}\n\t\t.contactForm {\n    width: 100%;\n}\n\t}\n<\/style>\n\t\t<div class=\"contactGrid\">\n   <section class=\"d-flex flex-wrap companyGrid\">\n      <div class=\"companyBox\">\n         <ul>\n            <li>\n               <h3>\n                  <svg width=\"1em\" height=\"1em\" viewBox=\"0 0 16 16\" class=\"bi bi-building\" fill=\"currentColor\" xmlns=\"http:\/\/www.w3.org\/2000\/svg\">\n                     <path fill-rule=\"evenodd\" d=\"M14.763.075A.5.5 0 0 1 15 .5v15a.5.5 0 0 1-.5.5h-3a.5.5 0 0 1-.5-.5V14h-1v1.5a.5.5 0 0 1-.5.5h-9a.5.5 0 0 1-.5-.5V10a.5.5 0 0 1 .342-.474L6 7.64V4.5a.5.5 0 0 1 .276-.447l8-4a.5.5 0 0 1 .487.022zM6 8.694L1 10.36V15h5V8.694zM7 15h2v-1.5a.5.5 0 0 1 .5-.5h2a.5.5 0 0 1 .5.5V15h2V1.309l-7 3.5V15z\"><\/path>\n                     <path d=\"M2 11h1v1H2v-1zm2 0h1v1H4v-1zm-2 2h1v1H2v-1zm2 0h1v1H4v-1zm4-4h1v1H8V9zm2 0h1v1h-1V9zm-2 2h1v1H8v-1zm2 0h1v1h-1v-1zm2-2h1v1h-1V9zm0 2h1v1h-1v-1zM8 7h1v1H8V7zm2 0h1v1h-1V7zm2 0h1v1h-1V7zM8 5h1v1H8V5zm2 0h1v1h-1V5zm2 0h1v1h-1V5zm0-2h1v1h-1V3z\"><\/path>\n                  <\/svg>\n                  TAIWAN\n               <\/h3>\n            <\/li>\n            <li>NO.116, LN. 334, SEC.3, YUEMEI RD., TAYUAN DISTRICT, TAOYUAN CRY 33751, TAIWAN<\/li>\n         <\/ul>\n      <\/div>\n      <div class=\"companyBox\">\n         <ul>\n            <li>\n               <h3>\n                  <svg width=\"1em\" height=\"1em\" viewBox=\"0 0 16 16\" class=\"bi bi-building\" fill=\"currentColor\" xmlns=\"http:\/\/www.w3.org\/2000\/svg\">\n                     <path fill-rule=\"evenodd\" d=\"M14.763.075A.5.5 0 0 1 15 .5v15a.5.5 0 0 1-.5.5h-3a.5.5 0 0 1-.5-.5V14h-1v1.5a.5.5 0 0 1-.5.5h-9a.5.5 0 0 1-.5-.5V10a.5.5 0 0 1 .342-.474L6 7.64V4.5a.5.5 0 0 1 .276-.447l8-4a.5.5 0 0 1 .487.022zM6 8.694L1 10.36V15h5V8.694zM7 15h2v-1.5a.5.5 0 0 1 .5-.5h2a.5.5 0 0 1 .5.5V15h2V1.309l-7 3.5V15z\"><\/path>\n                     <path d=\"M2 11h1v1H2v-1zm2 0h1v1H4v-1zm-2 2h1v1H2v-1zm2 0h1v1H4v-1zm4-4h1v1H8V9zm2 0h1v1h-1V9zm-2 2h1v1H8v-1zm2 0h1v1h-1v-1zm2-2h1v1h-1V9zm0 2h1v1h-1v-1zM8 7h1v1H8V7zm2 0h1v1h-1V7zm2 0h1v1h-1V7zM8 5h1v1H8V5zm2 0h1v1h-1V5zm2 0h1v1h-1V5zm0-2h1v1h-1V3z\"><\/path>\n                  <\/svg>\n                  VIETNAM\n               <\/h3>\n            <\/li>\n            <li>\u0110i\u0323a chi\u0309: S\u1ed1 20, \u0110\u01b0\u1eddng s\u1ed1 7, KCN Vi\u1ec7t Nam-Singapore II, Ph\u01b0\u1eddng Ho\u00e0 Ph\u00fa, Th\u00e0nh ph\u1ed1 Th\u1ee7 D\u1ea7u M\u1ed9t, T\u1ec9nh B\u00ecnh D\u01b0\u01a1ng, Vi\u1ec7t Nam <\/li>\n         <\/ul>\n      <\/div>\n<!--       <div class=\"companyBox\">\n         <ul>\n            <li>\n               <h3>\n                  <svg width=\"1em\" height=\"1em\" viewBox=\"0 0 16 16\" class=\"bi bi-building\" fill=\"currentColor\" xmlns=\"http:\/\/www.w3.org\/2000\/svg\">\n                     <path fill-rule=\"evenodd\" d=\"M14.763.075A.5.5 0 0 1 15 .5v15a.5.5 0 0 1-.5.5h-3a.5.5 0 0 1-.5-.5V14h-1v1.5a.5.5 0 0 1-.5.5h-9a.5.5 0 0 1-.5-.5V10a.5.5 0 0 1 .342-.474L6 7.64V4.5a.5.5 0 0 1 .276-.447l8-4a.5.5 0 0 1 .487.022zM6 8.694L1 10.36V15h5V8.694zM7 15h2v-1.5a.5.5 0 0 1 .5-.5h2a.5.5 0 0 1 .5.5V15h2V1.309l-7 3.5V15z\"><\/path>\n                     <path d=\"M2 11h1v1H2v-1zm2 0h1v1H4v-1zm-2 2h1v1H2v-1zm2 0h1v1H4v-1zm4-4h1v1H8V9zm2 0h1v1h-1V9zm-2 2h1v1H8v-1zm2 0h1v1h-1v-1zm2-2h1v1h-1V9zm0 2h1v1h-1v-1zM8 7h1v1H8V7zm2 0h1v1h-1V7zm2 0h1v1h-1V7zM8 5h1v1H8V5zm2 0h1v1h-1V5zm2 0h1v1h-1V5zm0-2h1v1h-1V3z\"><\/path>\n                  <\/svg>\n                  THAILAND\n               <\/h3>\n            <\/li>\n            <li>N0.88, MOO 11, T.NAMAI A.LATLUMKAEW PATHUMTHANI12140 THAILAND<\/li>\n         <\/ul>\n      <\/div> -->\n   <\/section>\n   <section class=\"contactBox\">\n\t   \n      <div class=\"contactForm\">\n        <p>\u8acb\u8a73\u7d30\u586b\u5beb\u57fa\u672c\u8cc7\u6599\uff0c\u6211\u5011\u5c07\u7aed\u8aa0\u70ba\u60a8\u670d\u52d9\uff01<span class=\"red\">\u661f\u865f (*) \u5fc5\u9808\u586b\u5beb<\/span><\/p>\n\t\t<div class=\"row\">\n        \t \t\t<div data-elementor-type=\"page\" data-elementor-id=\"658\" class=\"elementor elementor-658 elementor-255\" data-elementor-post-type=\"elementor_library\">\n\t\t\t\t<div class=\"elementor-element elementor-element-5f2e527 e-flex e-con-boxed e-con e-parent\" data-id=\"5f2e527\" data-element_type=\"container\" data-e-type=\"container\">\n\t\t\t\t\t<div class=\"e-con-inner\">\n\t\t\t\t<div class=\"elementor-element elementor-element-f3c0259 elementor-button-align-center elementor-widget elementor-widget-form\" data-id=\"f3c0259\" data-element_type=\"widget\" data-e-type=\"widget\" data-settings=\"{&quot;step_next_label&quot;:&quot;Next&quot;,&quot;step_previous_label&quot;:&quot;Previous&quot;,&quot;button_width&quot;:&quot;100&quot;,&quot;step_type&quot;:&quot;number_text&quot;,&quot;step_icon_shape&quot;:&quot;circle&quot;}\" data-widget_type=\"form.default\">\n\t\t\t\t<div class=\"elementor-widget-container\">\n\t\t\t\t\t\t\t<form class=\"elementor-form\" method=\"post\" name=\"New Form\" aria-label=\"New Form\">\n\t\t\t<input type=\"hidden\" name=\"post_id\" value=\"658\"\/>\n\t\t\t<input type=\"hidden\" name=\"form_id\" value=\"f3c0259\"\/>\n\t\t\t<input type=\"hidden\" name=\"referer_title\" value=\"\u806f\u7d61\u6211\u5011 - Jinnhung\" \/>\n\n\t\t\t\t\t\t\t<input type=\"hidden\" name=\"queried_id\" value=\"455\"\/>\n\t\t\t\n\t\t\t<div class=\"elementor-form-fields-wrapper elementor-labels-above\">\n\t\t\t\t\t\t\t\t<div class=\"elementor-field-type-text elementor-field-group elementor-column elementor-field-group-name elementor-col-50\">\n\t\t\t\t\t\t\t\t\t\t\t\t<label for=\"form-field-name\" class=\"elementor-field-label\">\n\t\t\t\t\t\t\t\t\u59d3\u540d *\t\t\t\t\t\t\t<\/label>\n\t\t\t\t\t\t\t\t\t\t\t\t\t\t<input size=\"1\" type=\"text\" name=\"form_fields[name]\" id=\"form-field-name\" class=\"elementor-field elementor-size-sm  elementor-field-textual\">\n\t\t\t\t\t\t\t\t\t\t\t<\/div>\n\t\t\t\t\t\t\t\t<div class=\"elementor-field-type-text elementor-field-group elementor-column elementor-field-group-field_5e090a2 elementor-col-50\">\n\t\t\t\t\t\t\t\t\t\t\t\t<label for=\"form-field-field_5e090a2\" class=\"elementor-field-label\">\n\t\t\t\t\t\t\t\t\u96fb\u8a71 *\t\t\t\t\t\t\t<\/label>\n\t\t\t\t\t\t\t\t\t\t\t\t\t\t<input size=\"1\" type=\"text\" name=\"form_fields[field_5e090a2]\" id=\"form-field-field_5e090a2\" class=\"elementor-field elementor-size-sm  elementor-field-textual\">\n\t\t\t\t\t\t\t\t\t\t\t<\/div>\n\t\t\t\t\t\t\t\t<div class=\"elementor-field-type-text elementor-field-group elementor-column elementor-field-group-field_dc79606 elementor-col-50\">\n\t\t\t\t\t\t\t\t\t\t\t\t<label for=\"form-field-field_dc79606\" class=\"elementor-field-label\">\n\t\t\t\t\t\t\t\t\u50b3\u771f\t\t\t\t\t\t\t<\/label>\n\t\t\t\t\t\t\t\t\t\t\t\t\t\t<input size=\"1\" type=\"text\" name=\"form_fields[field_dc79606]\" id=\"form-field-field_dc79606\" class=\"elementor-field elementor-size-sm  elementor-field-textual\">\n\t\t\t\t\t\t\t\t\t\t\t<\/div>\n\t\t\t\t\t\t\t\t<div class=\"elementor-field-type-email elementor-field-group elementor-column elementor-field-group-email elementor-col-50 elementor-field-required\">\n\t\t\t\t\t\t\t\t\t\t\t\t<label for=\"form-field-email\" class=\"elementor-field-label\">\n\t\t\t\t\t\t\t\tEmail\t\t\t\t\t\t\t<\/label>\n\t\t\t\t\t\t\t\t\t\t\t\t\t\t<input size=\"1\" type=\"email\" name=\"form_fields[email]\" id=\"form-field-email\" class=\"elementor-field elementor-size-sm  elementor-field-textual\" required=\"required\">\n\t\t\t\t\t\t\t\t\t\t\t<\/div>\n\t\t\t\t\t\t\t\t<div class=\"elementor-field-type-text elementor-field-group elementor-column elementor-field-group-field_0448510 elementor-col-100\">\n\t\t\t\t\t\t\t\t\t\t\t\t<label for=\"form-field-field_0448510\" class=\"elementor-field-label\">\n\t\t\t\t\t\t\t\t\u5730\u5740\t\t\t\t\t\t\t<\/label>\n\t\t\t\t\t\t\t\t\t\t\t\t\t\t<input size=\"1\" type=\"text\" name=\"form_fields[field_0448510]\" id=\"form-field-field_0448510\" class=\"elementor-field elementor-size-sm  elementor-field-textual\">\n\t\t\t\t\t\t\t\t\t\t\t<\/div>\n\t\t\t\t\t\t\t\t<div class=\"elementor-field-type-textarea elementor-field-group elementor-column elementor-field-group-message elementor-col-100\">\n\t\t\t\t\t\t\t\t\t\t\t\t<label for=\"form-field-message\" class=\"elementor-field-label\">\n\t\t\t\t\t\t\t\t\u7559\u8a00\t\t\t\t\t\t\t<\/label>\n\t\t\t\t\t\t<textarea class=\"elementor-field-textual elementor-field  elementor-size-sm\" name=\"form_fields[message]\" id=\"form-field-message\" rows=\"6\"><\/textarea>\t\t\t\t<\/div>\n\t\t\t\t\t\t\t\t<div class=\"elementor-field-group elementor-column elementor-field-type-submit elementor-col-100 e-form__buttons\">\n\t\t\t\t\t<button class=\"elementor-button elementor-size-sm\" type=\"submit\">\n\t\t\t\t\t\t<span class=\"elementor-button-content-wrapper\">\n\t\t\t\t\t\t\t\t\t\t\t\t\t\t\t<span class=\"elementor-button-icon\">\n\t\t\t\t\t\t\t\t\t<i aria-hidden=\"true\" class=\"fas fa-envelope\"><\/i>\t\t\t\t\t\t\t\t\t\t\t\t\t\t\t\t\t<\/span>\n\t\t\t\t\t\t\t\t\t\t\t\t\t\t\t\t\t\t\t\t\t\t<span class=\"elementor-button-text\">\u78ba\u8a8d\u9001\u51fa<\/span>\n\t\t\t\t\t\t\t\t\t\t\t\t\t<\/span>\n\t\t\t\t\t<\/button>\n\t\t\t\t<\/div>\n\t\t\t<\/div>\n\t\t<\/form>\n\t\t\t\t\t\t<\/div>\n\t\t\t\t<\/div>\n\t\t\t\t\t<\/div>\n\t\t\t\t<\/div>\n\t\t\t\t<\/div>\n\t\t\t\t<\/div>\n      <\/div>\n   <\/section>\n<\/div>\n\t\t\t<div class=\"elementor-shortcode\"><\/div>\n\t\t\t\t\t\t<\/div>\n\t\t\t\t<\/div>\n\t\t\t\t\t<\/div>\n\t\t\t\t<\/div>\n\t\t\t\t<\/div>\n\t\t","protected":false},"excerpt":{"rendered":"<p>\u806f\u7d61\u6211\u5011<\/p>\n","protected":false},"author":2,"featured_media":0,"parent":0,"menu_order":0,"comment_status":"closed","ping_status":"closed","template":"elementor_header_footer","meta":{"_acf_changed":false,"site-sidebar-layout":"no-sidebar","site-content-layout":"","ast-site-content-layout":"full-width-container","site-content-style":"default","site-sidebar-style":"default","ast-global-header-display":"","ast-banner-title-visibility":"","ast-main-header-display":"","ast-hfb-above-header-display":"","ast-hfb-below-header-display":"","ast-hfb-mobile-header-display":"","site-post-title":"disabled","ast-breadcrumbs-content":"","ast-featured-img":"disabled","footer-sml-layout":"","ast-disable-related-posts":"","theme-transparent-header-meta":"default","adv-header-id-meta":"","stick-header-meta":"","header-above-stick-meta":"","header-main-stick-meta":"","header-below-stick-meta":"","astra-migrate-meta-layouts":"set","ast-page-background-enabled":"default","ast-page-background-meta":{"desktop":{"background-color":"var(--ast-global-color-4)","background-image":"","background-repeat":"repeat","background-position":"center center","background-size":"auto","background-attachment":"scroll","background-type":"","background-media":"","overlay-type":"","overlay-color":"","overlay-opacity":"","overlay-gradient":""},"tablet":{"background-color":"","background-image":"","background-repeat":"repeat","background-position":"center center","background-size":"auto","background-attachment":"scroll","background-type":"","background-media":"","overlay-type":"","overlay-color":"","overlay-opacity":"","overlay-gradient":""},"mobile":{"background-color":"","background-image":"","background-repeat":"repeat","background-position":"center center","background-size":"auto","background-attachment":"scroll","background-type":"","background-media":"","overlay-type":"","overlay-color":"","overlay-opacity":"","overlay-gradient":""}},"ast-content-background-meta":{"desktop":{"background-color":"var(--ast-global-color-5)","background-image":"","background-repeat":"repeat","background-position":"center center","background-size":"auto","background-attachment":"scroll","background-type":"","background-media":"","overlay-type":"","overlay-color":"","overlay-opacity":"","overlay-gradient":""},"tablet":{"background-color":"var(--ast-global-color-5)","background-image":"","background-repeat":"repeat","background-position":"center center","background-size":"auto","background-attachment":"scroll","background-type":"","background-media":"","overlay-type":"","overlay-color":"","overlay-opacity":"","overlay-gradient":""},"mobile":{"background-color":"var(--ast-global-color-5)","background-image":"","background-repeat":"repeat","background-position":"center center","background-size":"auto","background-attachment":"scroll","background-type":"","background-media":"","overlay-type":"","overlay-color":"","overlay-opacity":"","overlay-gradient":""}},"footnotes":""},"class_list":["post-455","page","type-page","status-publish","hentry"],"acf":[],"_links":{"self":[{"href":"https:\/\/jinnhung.com.vn\/zh-hant\/wp-json\/wp\/v2\/pages\/455","targetHints":{"allow":["GET"]}}],"collection":[{"href":"https:\/\/jinnhung.com.vn\/zh-hant\/wp-json\/wp\/v2\/pages"}],"about":[{"href":"https:\/\/jinnhung.com.vn\/zh-hant\/wp-json\/wp\/v2\/types\/page"}],"author":[{"embeddable":true,"href":"https:\/\/jinnhung.com.vn\/zh-hant\/wp-json\/wp\/v2\/users\/2"}],"replies":[{"embeddable":true,"href":"https:\/\/jinnhung.com.vn\/zh-hant\/wp-json\/wp\/v2\/comments?post=455"}],"version-history":[{"count":0,"href":"https:\/\/jinnhung.com.vn\/zh-hant\/wp-json\/wp\/v2\/pages\/455\/revisions"}],"wp:attachment":[{"href":"https:\/\/jinnhung.com.vn\/zh-hant\/wp-json\/wp\/v2\/media?parent=455"}],"curies":[{"name":"wp","href":"https:\/\/api.w.org\/{rel}","templated":true}]}}